{"id":6036,"date":"2023-02-01T12:22:30","date_gmt":"2023-02-01T12:22:30","guid":{"rendered":"https:\/\/fremco.dk\/produkte\/maschinen\/"},"modified":"2025-05-16T12:08:12","modified_gmt":"2025-05-16T12:08:12","slug":"maschinen","status":"publish","type":"page","link":"https:\/\/fremco.dk\/de\/products\/maschinen\/","title":{"rendered":"Maschinen"},"content":{"rendered":"<div id=\"cs-content\" class=\"cs-content\"><\/div>\n","protected":false},"excerpt":{"rendered":"<p>MASCHINEN Fremco ist ISO 9001-zertifiziert und der erste Hersteller von Fasereinblasmaschinen, der eine verl&auml;ngerte Garantie von bis zu 36 Monaten anbietet. Mit &uuml;ber 20 Jahren Erfahrung im Bereich<\/p>\n","protected":false},"author":1,"featured_media":8411,"parent":5839,"menu_order":0,"comment_status":"closed","ping_status":"closed","template":"template-machines.php","meta":{"_acf_changed":false,"inline_featured_image":false,"footnotes":""},"class_list":["post-6036","page","type-page","status-publish","has-post-thumbnail","hentry"],"acf":[],"yoast_head":"<!-- This site is optimized with the Yoast SEO plugin v27.4 - https:\/\/yoast.com\/product\/yoast-seo-wordpress\/ -->\n<title>FasereinblasMaschinen - Eine Maschine f\u00fcr jeden Job<\/title>\n<meta name=\"description\" content=\"Mit unseren Maschinen k\u00f6nnen Konfiguration und Installation ohne den Einsatz von Werkzeugen durchgef\u00fchrt werden. Dadurch wird jeder Fasereinblasjob effektiver\" \/>\n<meta name=\"robots\" content=\"index, follow, max-snippet:-1, max-image-preview:large, max-video-preview:-1\" \/>\n<link rel=\"canonical\" href=\"https:\/\/fremco.dk\/de\/products\/maschinen\/\" \/>\n<meta property=\"og:locale\" content=\"de_DE\" \/>\n<meta property=\"og:type\" content=\"article\" \/>\n<meta property=\"og:title\" content=\"FasereinblasMaschinen - Eine Maschine f\u00fcr jeden Job\" \/>\n<meta property=\"og:description\" content=\"Mit unseren Maschinen k\u00f6nnen Konfiguration und Installation ohne den Einsatz von Werkzeugen durchgef\u00fchrt werden. Dadurch wird jeder Fasereinblasjob effektiver\" \/>\n<meta property=\"og:url\" content=\"https:\/\/fremco.dk\/de\/products\/maschinen\/\" \/>\n<meta property=\"og:site_name\" content=\"Fremco\" \/>\n<meta property=\"article:modified_time\" content=\"2025-05-16T12:08:12+00:00\" \/>\n<meta property=\"og:image\" content=\"https:\/\/fremco.dk\/wp-content\/uploads\/2023\/08\/NanoFlow.jpg\" \/>\n\t<meta property=\"og:image:width\" content=\"2460\" \/>\n\t<meta property=\"og:image:height\" content=\"1854\" \/>\n\t<meta property=\"og:image:type\" content=\"image\/jpeg\" \/>\n<meta name=\"twitter:card\" content=\"summary_large_image\" \/>\n<meta name=\"twitter:label1\" content=\"Gesch\u00e4tzte Lesezeit\" \/>\n\t<meta name=\"twitter:data1\" content=\"4\u00a0Minuten\" \/>\n<script type=\"application\/ld+json\" class=\"yoast-schema-graph\">{\"@context\":\"https:\\\/\\\/schema.org\",\"@graph\":[{\"@type\":\"WebPage\",\"@id\":\"https:\\\/\\\/fremco.dk\\\/de\\\/products\\\/maschinen\\\/\",\"url\":\"https:\\\/\\\/fremco.dk\\\/de\\\/products\\\/maschinen\\\/\",\"name\":\"FasereinblasMaschinen - Eine Maschine f\u00fcr jeden Job\",\"isPartOf\":{\"@id\":\"https:\\\/\\\/fremco.dk\\\/de\\\/#website\"},\"primaryImageOfPage\":{\"@id\":\"https:\\\/\\\/fremco.dk\\\/de\\\/products\\\/maschinen\\\/#primaryimage\"},\"image\":{\"@id\":\"https:\\\/\\\/fremco.dk\\\/de\\\/products\\\/maschinen\\\/#primaryimage\"},\"thumbnailUrl\":\"https:\\\/\\\/fremco.dk\\\/wp-content\\\/uploads\\\/2024\\\/02\\\/PicoFlow-RAPID-with-drill.png\",\"datePublished\":\"2023-02-01T12:22:30+00:00\",\"dateModified\":\"2025-05-16T12:08:12+00:00\",\"description\":\"Mit unseren Maschinen k\u00f6nnen Konfiguration und Installation ohne den Einsatz von Werkzeugen durchgef\u00fchrt werden. Dadurch wird jeder Fasereinblasjob effektiver\",\"breadcrumb\":{\"@id\":\"https:\\\/\\\/fremco.dk\\\/de\\\/products\\\/maschinen\\\/#breadcrumb\"},\"inLanguage\":\"de\",\"potentialAction\":[{\"@type\":\"ReadAction\",\"target\":[\"https:\\\/\\\/fremco.dk\\\/de\\\/products\\\/maschinen\\\/\"]}]},{\"@type\":\"ImageObject\",\"inLanguage\":\"de\",\"@id\":\"https:\\\/\\\/fremco.dk\\\/de\\\/products\\\/maschinen\\\/#primaryimage\",\"url\":\"https:\\\/\\\/fremco.dk\\\/wp-content\\\/uploads\\\/2024\\\/02\\\/PicoFlow-RAPID-with-drill.png\",\"contentUrl\":\"https:\\\/\\\/fremco.dk\\\/wp-content\\\/uploads\\\/2024\\\/02\\\/PicoFlow-RAPID-with-drill.png\",\"width\":1890,\"height\":1417},{\"@type\":\"BreadcrumbList\",\"@id\":\"https:\\\/\\\/fremco.dk\\\/de\\\/products\\\/maschinen\\\/#breadcrumb\",\"itemListElement\":[{\"@type\":\"ListItem\",\"position\":1,\"name\":\"Home\",\"item\":\"https:\\\/\\\/fremco.dk\\\/de\\\/titelseite\\\/\"},{\"@type\":\"ListItem\",\"position\":2,\"name\":\"Produkte\",\"item\":\"https:\\\/\\\/fremco.dk\\\/de\\\/products\\\/?lang=de\"},{\"@type\":\"ListItem\",\"position\":3,\"name\":\"Maschinen\"}]},{\"@type\":\"WebSite\",\"@id\":\"https:\\\/\\\/fremco.dk\\\/de\\\/#website\",\"url\":\"https:\\\/\\\/fremco.dk\\\/de\\\/\",\"name\":\"Fremco\",\"description\":\"Fiber Blowing Machines\",\"publisher\":{\"@id\":\"https:\\\/\\\/fremco.dk\\\/de\\\/#organization\"},\"potentialAction\":[{\"@type\":\"SearchAction\",\"target\":{\"@type\":\"EntryPoint\",\"urlTemplate\":\"https:\\\/\\\/fremco.dk\\\/de\\\/?s={search_term_string}\"},\"query-input\":{\"@type\":\"PropertyValueSpecification\",\"valueRequired\":true,\"valueName\":\"search_term_string\"}}],\"inLanguage\":\"de\"},{\"@type\":\"Organization\",\"@id\":\"https:\\\/\\\/fremco.dk\\\/de\\\/#organization\",\"name\":\"Fremco\",\"url\":\"https:\\\/\\\/fremco.dk\\\/de\\\/\",\"logo\":{\"@type\":\"ImageObject\",\"inLanguage\":\"de\",\"@id\":\"https:\\\/\\\/fremco.dk\\\/de\\\/#\\\/schema\\\/logo\\\/image\\\/\",\"url\":\"https:\\\/\\\/fremco.dk\\\/wp-content\\\/uploads\\\/2020\\\/05\\\/favi.png\",\"contentUrl\":\"https:\\\/\\\/fremco.dk\\\/wp-content\\\/uploads\\\/2020\\\/05\\\/favi.png\",\"width\":512,\"height\":512,\"caption\":\"Fremco\"},\"image\":{\"@id\":\"https:\\\/\\\/fremco.dk\\\/de\\\/#\\\/schema\\\/logo\\\/image\\\/\"}}]}<\/script>\n<!-- \/ Yoast SEO plugin. -->","yoast_head_json":{"title":"FasereinblasMaschinen - Eine Maschine f\u00fcr jeden Job","description":"Mit unseren Maschinen k\u00f6nnen Konfiguration und Installation ohne den Einsatz von Werkzeugen durchgef\u00fchrt werden. Dadurch wird jeder Fasereinblasjob effektiver","robots":{"index":"index","follow":"follow","max-snippet":"max-snippet:-1","max-image-preview":"max-image-preview:large","max-video-preview":"max-video-preview:-1"},"canonical":"https:\/\/fremco.dk\/de\/products\/maschinen\/","og_locale":"de_DE","og_type":"article","og_title":"FasereinblasMaschinen - Eine Maschine f\u00fcr jeden Job","og_description":"Mit unseren Maschinen k\u00f6nnen Konfiguration und Installation ohne den Einsatz von Werkzeugen durchgef\u00fchrt werden. Dadurch wird jeder Fasereinblasjob effektiver","og_url":"https:\/\/fremco.dk\/de\/products\/maschinen\/","og_site_name":"Fremco","article_modified_time":"2025-05-16T12:08:12+00:00","og_image":[{"width":2460,"height":1854,"url":"https:\/\/fremco.dk\/wp-content\/uploads\/2023\/08\/NanoFlow.jpg","type":"image\/jpeg"}],"twitter_card":"summary_large_image","twitter_misc":{"Gesch\u00e4tzte Lesezeit":"4\u00a0Minuten"},"schema":{"@context":"https:\/\/schema.org","@graph":[{"@type":"WebPage","@id":"https:\/\/fremco.dk\/de\/products\/maschinen\/","url":"https:\/\/fremco.dk\/de\/products\/maschinen\/","name":"FasereinblasMaschinen - Eine Maschine f\u00fcr jeden Job","isPartOf":{"@id":"https:\/\/fremco.dk\/de\/#website"},"primaryImageOfPage":{"@id":"https:\/\/fremco.dk\/de\/products\/maschinen\/#primaryimage"},"image":{"@id":"https:\/\/fremco.dk\/de\/products\/maschinen\/#primaryimage"},"thumbnailUrl":"https:\/\/fremco.dk\/wp-content\/uploads\/2024\/02\/PicoFlow-RAPID-with-drill.png","datePublished":"2023-02-01T12:22:30+00:00","dateModified":"2025-05-16T12:08:12+00:00","description":"Mit unseren Maschinen k\u00f6nnen Konfiguration und Installation ohne den Einsatz von Werkzeugen durchgef\u00fchrt werden. Dadurch wird jeder Fasereinblasjob effektiver","breadcrumb":{"@id":"https:\/\/fremco.dk\/de\/products\/maschinen\/#breadcrumb"},"inLanguage":"de","potentialAction":[{"@type":"ReadAction","target":["https:\/\/fremco.dk\/de\/products\/maschinen\/"]}]},{"@type":"ImageObject","inLanguage":"de","@id":"https:\/\/fremco.dk\/de\/products\/maschinen\/#primaryimage","url":"https:\/\/fremco.dk\/wp-content\/uploads\/2024\/02\/PicoFlow-RAPID-with-drill.png","contentUrl":"https:\/\/fremco.dk\/wp-content\/uploads\/2024\/02\/PicoFlow-RAPID-with-drill.png","width":1890,"height":1417},{"@type":"BreadcrumbList","@id":"https:\/\/fremco.dk\/de\/products\/maschinen\/#breadcrumb","itemListElement":[{"@type":"ListItem","position":1,"name":"Home","item":"https:\/\/fremco.dk\/de\/titelseite\/"},{"@type":"ListItem","position":2,"name":"Produkte","item":"https:\/\/fremco.dk\/de\/products\/?lang=de"},{"@type":"ListItem","position":3,"name":"Maschinen"}]},{"@type":"WebSite","@id":"https:\/\/fremco.dk\/de\/#website","url":"https:\/\/fremco.dk\/de\/","name":"Fremco","description":"Fiber Blowing Machines","publisher":{"@id":"https:\/\/fremco.dk\/de\/#organization"},"potentialAction":[{"@type":"SearchAction","target":{"@type":"EntryPoint","urlTemplate":"https:\/\/fremco.dk\/de\/?s={search_term_string}"},"query-input":{"@type":"PropertyValueSpecification","valueRequired":true,"valueName":"search_term_string"}}],"inLanguage":"de"},{"@type":"Organization","@id":"https:\/\/fremco.dk\/de\/#organization","name":"Fremco","url":"https:\/\/fremco.dk\/de\/","logo":{"@type":"ImageObject","inLanguage":"de","@id":"https:\/\/fremco.dk\/de\/#\/schema\/logo\/image\/","url":"https:\/\/fremco.dk\/wp-content\/uploads\/2020\/05\/favi.png","contentUrl":"https:\/\/fremco.dk\/wp-content\/uploads\/2020\/05\/favi.png","width":512,"height":512,"caption":"Fremco"},"image":{"@id":"https:\/\/fremco.dk\/de\/#\/schema\/logo\/image\/"}}]}},"_links":{"self":[{"href":"https:\/\/fremco.dk\/de\/wp-json\/wp\/v2\/pages\/6036","targetHints":{"allow":["GET"]}}],"collection":[{"href":"https:\/\/fremco.dk\/de\/wp-json\/wp\/v2\/pages"}],"about":[{"href":"https:\/\/fremco.dk\/de\/wp-json\/wp\/v2\/types\/page"}],"author":[{"embeddable":true,"href":"https:\/\/fremco.dk\/de\/wp-json\/wp\/v2\/users\/1"}],"replies":[{"embeddable":true,"href":"https:\/\/fremco.dk\/de\/wp-json\/wp\/v2\/comments?post=6036"}],"version-history":[{"count":5,"href":"https:\/\/fremco.dk\/de\/wp-json\/wp\/v2\/pages\/6036\/revisions"}],"predecessor-version":[{"id":10189,"href":"https:\/\/fremco.dk\/de\/wp-json\/wp\/v2\/pages\/6036\/revisions\/10189"}],"up":[{"embeddable":true,"href":"https:\/\/fremco.dk\/de\/wp-json\/wp\/v2\/pages\/5839"}],"wp:featuredmedia":[{"embeddable":true,"href":"https:\/\/fremco.dk\/de\/wp-json\/wp\/v2\/media\/8411"}],"wp:attachment":[{"href":"https:\/\/fremco.dk\/de\/wp-json\/wp\/v2\/media?parent=6036"}],"curies":[{"name":"wp","href":"https:\/\/api.w.org\/{rel}","templated":true}]}}